{"id":2432,"date":"2019-02-27T08:42:44","date_gmt":"2019-02-27T07:42:44","guid":{"rendered":"http:\/\/www.isop.at\/iku\/?page_id=2432"},"modified":"2019-04-30T12:59:10","modified_gmt":"2019-04-30T10:59:10","slug":"datenschutz","status":"publish","type":"page","link":"https:\/\/www.isop.at\/iku\/datenschutz\/","title":{"rendered":"Datenschutz"},"content":{"rendered":"<div class=\"entry-content\">\n<div id=\"content-zweispaltig1\"><\/div>\n<div id=\"content-zweispaltig2\">\n<div id=\"content\">\n<div id=\"post-500\" class=\"post-500 page type-page status-publish hentry\">\n<h2 class=\"entry-title\"><span style=\"color: #800000;\">Datenschutz<\/span><\/h2>\n<p>&nbsp;<\/p>\n<\/div>\n<\/div>\n<\/div>\n<h3><span style=\"color: #800000;\">Datenschutzerkl\u00e4rung \u00fcber die Verwendung personenbezogener Daten iSd Art. 13 und 14 DSGVO<\/span><\/h3>\n<p>&nbsp;<\/p>\n<\/div>\n<h4><span style=\"color: #800000;\">1. Allgemein<\/span><\/h4>\n<div class=\"entry-content\">\n<p>Die <strong>ISOP GmbH<\/strong> wird die von Ihnen bekannt gegebenen personenbezogenen Daten entsprechend der gesetzlichen Datenschutzvorschriften (Europ\u00e4ische Datenschutz-Grundverordnung sowie nationale Datenschutzgesetze) ausschlie\u00dflich im Rahmen der Information \u00fcber die Arbeit von ISOP verwenden. Es erfolgt keine \u00dcbermittlung der \u00fcbermittelten Daten an Dritte.<br \/>\nDie <strong>ISOP GmbH<\/strong> erhebt automatisiert keine personenbezogenen Daten wie Name, Anschrift, Telefonnummer oder E-Mail-Adresse. Pers\u00f6nliche Daten, die bei Kontaktaufnahme freiwillig bekannt gegeben werden, unterliegen dem Datenschutzgesetz. Ein Widerruf der Zustimmung der Datenverwendung kann jederzeit formfrei schriftlich, per Fax unter der Nr. +43 316\/76 46 46-6 oder per Telefon unter der Nr. +43 316\/76 46 46-18 sowie per E-Mail unter<span style=\"color: #800000;\"> <a style=\"color: #800000;\" href=\"mailto:isop@isop.at\">isop@isop.at<\/a> <\/span>erfolgen.<\/p>\n<p>&nbsp;<\/p>\n<h4><span style=\"color: #800000;\">2. Ermittlung personenbezogener Daten in der Projektabwicklung<\/span><\/h4>\n<p>Die <strong>ISOP GmbH<\/strong> ermittelt und verarbeitet personenbezogene Daten (wie Name, Adresse, Geburtsdatum etc.) nur zweckgebunden und in jenem Ausma\u00df, wie es f\u00fcr die Erf\u00fcllung der F\u00f6rder- bzw. Vertragsrichtlinien in den \u00fcbertragenen Aufgaben f\u00fcr entsprechende Projekte und Ma\u00dfnahmen erforderlich ist. Diese personenbezogenen Daten werden f\u00fcr die Dauer des Nutzungs- bzw. f\u00fcr die Dauer des Vertragsverh\u00e4ltnisses gespeichert und verarbeitet. Die Rechtm\u00e4\u00dfigkeit der Datenverarbeitung entsteht durch die in Art. 6 DSGVO angef\u00fchrten Punkte:<\/p>\n<p>a) Einwilligung der betroffenen Personen<br \/>\nb) Aufgrund der ordnungsgem\u00e4\u00dfen Vertragsabwicklung<br \/>\nc) Erf\u00fcllung einer rechtlichen Verpflichtung.<\/p>\n<p>Die <strong>ISOP GmbH<\/strong> stellt sicher, dass die personenbezogenen Daten, die zur Verarbeitung gelangen, auch richtig, vollst\u00e4ndig und zutreffend sind.<\/p>\n<p>Die <strong>ISOP GmbH<\/strong> sorgt durch interne Organisationsrichtlinien daf\u00fcr, dass personenbezogene Daten, die gespeichert sind und verarbeitet werden, nur von solchen MitarbeiterInnen bearbeitet werden, die f\u00fcr die Erledigung der konkreten Aufgabe zust\u00e4ndig sind und die sich im Rahmen ihres Dienstvertrages bzw. projektspezifischen Datenschutzvereinbarungen zur Geheimhaltung der ihnen anvertrauten Daten verpflichtet haben. Die Daten d\u00fcrfen nur im Zuge einer solchen Erledigung eingesehen und be- bzw. verarbeitet werden.<\/p>\n<p>&nbsp;<\/p>\n<h4><span style=\"color: #800000;\">3. Fragen und Rechte zum Datenschutz<\/span><\/h4>\n<p>Gem. Art. 15 DSGVO steht Ihnen ein Auskunftsrecht \u00fcber den Verarbeitungszweck, die Kategorien der personenbezogenen Daten, den Empf\u00e4nger dieser sowie die Dauer der Speicherung zu.<\/p>\n<p>Daraus ergibt sich das Recht auf Auskunft, Berichtigung, L\u00f6schung oder Einschr\u00e4nkung der Verarbeitung Ihrer gespeicherten Daten, sowie ein Widerspruchsrecht gegen die Verarbeitung und das Recht auf Daten\u00fcbertragbarkeit lt. Datenschutzrecht.<\/p>\n<p>Wenn Sie der Meinung sind, dass wir bei der Verarbeitung Ihrer personenbezogenen Daten gegen nationales bzw. Europ\u00e4isches Recht versto\u00dfen, so bitten wir um direkte Kontaktaufnahme unter dem unter Punkt 1 angef\u00fchrten Kontaktdaten.<\/p>\n<p>Beschwerden k\u00f6nnen Sie auch an die zust\u00e4ndige Aufsichtsbeh\u00f6rde in \u00d6sterreich, die Datenschutzbeh\u00f6rde Wickenburggasse 8, 1080 Wien, richten.<\/p>\n<p>&nbsp;<\/p>\n<h4><span style=\"color: #800000;\">4. Aktualisierung dieser Datenschutzerkl\u00e4rung<\/span><\/h4>\n<p>Wir behalten uns vor, diese Datenschutzerkl\u00e4rung bei Bedarf an technische Entwicklungen sowie rechtliche \u00c4nderungen anzupassen oder im Zusammenhang mit dem Angebot neuer Dienstleistungen zu aktualisieren.<\/p>\n<p>&nbsp;<\/p>\n<\/div>\n","protected":false},"excerpt":{"rendered":"<p>Datenschutz &nbsp; Datenschutzerkl\u00e4rung \u00fcber die Verwendung personenbezogener Daten iSd Art. 13 und 14 DSGVO &nbsp; 1. Allgemein Die ISOP GmbH wird die von Ihnen bekannt gegebenen personenbezogenen Daten entsprechend der gesetzlichen Datenschutzvorschriften (Europ\u00e4ische Datenschutz-Grundverordnung sowie nationale Datenschutzgesetze) ausschlie\u00dflich im Rahmen der Information \u00fcber die Arbeit von ISOP verwenden. Es erfolgt keine \u00dcbermittlung der \u00fcbermittelten Daten &hellip; <a href=\"https:\/\/www.isop.at\/iku\/datenschutz\/\" class=\"more-link\">Continue reading <span class=\"screen-reader-text\">Datenschutz<\/span><\/a><\/p>\n","protected":false},"author":2,"featured_media":0,"parent":0,"menu_order":0,"comment_status":"closed","ping_status":"closed","template":"","meta":{"_acf_changed":false,"ngg_post_thumbnail":0,"footnotes":""},"class_list":["post-2432","page","type-page","status-publish","hentry"],"acf":[],"_links":{"self":[{"href":"https:\/\/www.isop.at\/iku\/wp-json\/wp\/v2\/pages\/2432","targetHints":{"allow":["GET"]}}],"collection":[{"href":"https:\/\/www.isop.at\/iku\/wp-json\/wp\/v2\/pages"}],"about":[{"href":"https:\/\/www.isop.at\/iku\/wp-json\/wp\/v2\/types\/page"}],"author":[{"embeddable":true,"href":"https:\/\/www.isop.at\/iku\/wp-json\/wp\/v2\/users\/2"}],"replies":[{"embeddable":true,"href":"https:\/\/www.isop.at\/iku\/wp-json\/wp\/v2\/comments?post=2432"}],"version-history":[{"count":3,"href":"https:\/\/www.isop.at\/iku\/wp-json\/wp\/v2\/pages\/2432\/revisions"}],"predecessor-version":[{"id":2435,"href":"https:\/\/www.isop.at\/iku\/wp-json\/wp\/v2\/pages\/2432\/revisions\/2435"}],"wp:attachment":[{"href":"https:\/\/www.isop.at\/iku\/wp-json\/wp\/v2\/media?parent=2432"}],"curies":[{"name":"wp","href":"https:\/\/api.w.org\/{rel}","templated":true}]}}